{"id":118419,"date":"2023-10-17T22:10:35","date_gmt":"2023-10-17T20:10:35","guid":{"rendered":"https:\/\/www.ultra-reflex.de\/markierungsnaegel-2\/"},"modified":"2025-02-11T15:15:32","modified_gmt":"2025-02-11T14:15:32","slug":"road-studs","status":"publish","type":"page","link":"https:\/\/www.ultra-reflex.de\/en\/products\/traffic-safety-equipment\/road-studs\/","title":{"rendered":"Road studs"},"content":{"rendered":"<p>[et_pb_section fb_built=&#8221;1&#8243; fullwidth=&#8221;on&#8221; _builder_version=&#8221;4.18.1&#8243; _module_preset=&#8221;default&#8221; global_colors_info=&#8221;{}&#8221;][et_pb_fullwidth_image src=&#8221;https:\/\/www.ultra-reflex.de\/wp-content\/uploads\/2023\/05\/Strassenausstattung-Markierungsnaegel_2500px.jpg&#8221; alt=&#8221;Stra\u00dfenausstattung-Markierungsna\u0308gel&#8221; title_text=&#8221;Stra\u00dfenausstattung-Markierungsna\u0308gel&#8221; _builder_version=&#8221;4.22.2&#8243; _module_preset=&#8221;default&#8221; height=&#8221;634px&#8221; height_tablet=&#8221;260px&#8221; height_phone=&#8221;150px&#8221; height_last_edited=&#8221;on|phone&#8221; global_colors_info=&#8221;{}&#8221;][\/et_pb_fullwidth_image][\/et_pb_section][et_pb_section fb_built=&#8221;1&#8243; make_equal=&#8221;on&#8221; use_custom_gutter=&#8221;on&#8221; gutter_width=&#8221;2&#8243; specialty=&#8221;on&#8221; custom_padding_last_edited=&#8221;on|phone&#8221; padding_top_1=&#8221;0px&#8221; padding_top_2=&#8221;0px&#8221; padding_bottom_1=&#8221;0px&#8221; padding_bottom_2=&#8221;0px&#8221; padding_top_bottom_link_1=&#8221;true&#8221; padding_top_bottom_link_2=&#8221;true&#8221; padding_left_right_link_1=&#8221;false&#8221; padding_left_right_link_2=&#8221;false&#8221; _builder_version=&#8221;4.22.2&#8243; _module_preset=&#8221;default&#8221; background_color=&#8221;#FFFFFF&#8221; inner_width=&#8221;90%&#8221; inner_width_tablet=&#8221;90%&#8221; inner_width_phone=&#8221;90%&#8221; inner_width_last_edited=&#8221;on|desktop&#8221; inner_max_width=&#8221;1280px&#8221; inner_max_width_tablet=&#8221;90%&#8221; inner_max_width_phone=&#8221;90%&#8221; inner_max_width_last_edited=&#8221;on|tablet&#8221; custom_padding=&#8221;110px||110px||true|false&#8221; custom_padding_tablet=&#8221;110px||110px||true|false&#8221; custom_padding_phone=&#8221;25px||25px||true|false&#8221; global_colors_info=&#8221;{}&#8221;][et_pb_column type=&#8221;1_3&#8243; _builder_version=&#8221;4.16&#8243; custom_padding=&#8221;|||&#8221; global_colors_info=&#8221;{}&#8221; custom_padding__hover=&#8221;|||&#8221;][et_pb_text _builder_version=&#8221;4.22.2&#8243; _module_preset=&#8221;default&#8221; header_font=&#8221;Roboto Fett 700|700||on|||||&#8221; header_text_align=&#8221;left&#8221; header_text_color=&#8221;#191918&#8243; header_font_size=&#8221;34px&#8221; header_line_height=&#8221;1.2em&#8221; header_3_font=&#8221;Roboto|700||on|||||&#8221; header_3_text_align=&#8221;left&#8221; header_3_text_color=&#8221;#191918&#8243; header_3_font_size=&#8221;34px&#8221; header_3_line_height=&#8221;1.2em&#8221; custom_margin=&#8221;2px||||false|false&#8221; animation_style=&#8221;fade&#8221; animation_delay=&#8221;500ms&#8221; header_font_size_tablet=&#8221;34px&#8221; header_font_size_phone=&#8221;30px&#8221; header_font_size_last_edited=&#8221;on|phone&#8221; header_3_font_size_tablet=&#8221;&#8221; header_3_font_size_phone=&#8221;30px&#8221; header_3_font_size_last_edited=&#8221;on|phone&#8221; global_colors_info=&#8221;{}&#8221;]<\/p>\n<h1>MARKIERUNGS-<br \/>N\u00c4GEL &#8211;<br \/>Markierte<br \/>STRA\u00dfen<\/h1>\n<p>&nbsp;<\/p>\n<p>[\/et_pb_text][\/et_pb_column][et_pb_column type=&#8221;2_3&#8243; specialty_columns=&#8221;2&#8243; _builder_version=&#8221;4.16&#8243; custom_padding=&#8221;|||&#8221; global_colors_info=&#8221;{}&#8221; custom_padding__hover=&#8221;|||&#8221;][et_pb_row_inner custom_padding_last_edited=&#8221;on|phone&#8221; _builder_version=&#8221;4.16&#8243; _module_preset=&#8221;default&#8221; custom_padding=&#8221;0px||0px|50px|true|false&#8221; custom_padding_tablet=&#8221;|||0px|true|false&#8221; custom_padding_phone=&#8221;|||0px|true|false&#8221; animation_style=&#8221;fade&#8221; animation_delay=&#8221;500ms&#8221; global_colors_info=&#8221;{}&#8221;][et_pb_column_inner saved_specialty_column_type=&#8221;2_3&#8243; _builder_version=&#8221;4.16&#8243; _module_preset=&#8221;default&#8221; global_colors_info=&#8221;{}&#8221;][et_pb_text _builder_version=&#8221;4.22.2&#8243; _module_preset=&#8221;default&#8221; header_2_font=&#8221;Roboto Fett 700|700|||||||&#8221; header_2_text_align=&#8221;left&#8221; header_2_text_color=&#8221;#191918&#8243; header_2_font_size=&#8221;34px&#8221; header_2_line_height=&#8221;1.3em&#8221; header_3_font=&#8221;Roboto|600|||||||&#8221; header_3_text_align=&#8221;left&#8221; header_3_text_color=&#8221;#191918&#8243; header_3_font_size=&#8221;34px&#8221; header_3_line_height=&#8221;1.3em&#8221; header_2_font_size_tablet=&#8221;34px&#8221; header_2_font_size_phone=&#8221;25px&#8221; header_2_font_size_last_edited=&#8221;on|phone&#8221; header_3_font_size_tablet=&#8221;&#8221; header_3_font_size_phone=&#8221;25px&#8221; header_3_font_size_last_edited=&#8221;on|phone&#8221; global_colors_info=&#8221;{}&#8221;]<\/p>\n<h2>Markieren Sie Stra\u00dfen, Verkehrswege und Parkpl\u00e4tze<\/h2>\n<p>[\/et_pb_text][\/et_pb_column_inner][\/et_pb_row_inner][et_pb_row_inner custom_padding_last_edited=&#8221;on|phone&#8221; _builder_version=&#8221;4.18.1&#8243; _module_preset=&#8221;default&#8221; custom_padding=&#8221;10px||0px|50px|false|false&#8221; custom_padding_tablet=&#8221;30px|||0px|false|false&#8221; custom_padding_phone=&#8221;30px||0px|0px|false|false&#8221; global_colors_info=&#8221;{}&#8221;][et_pb_column_inner saved_specialty_column_type=&#8221;2_3&#8243; _builder_version=&#8221;4.16&#8243; _module_preset=&#8221;default&#8221; animation_style=&#8221;fade&#8221; animation_delay=&#8221;500ms&#8221; global_colors_info=&#8221;{}&#8221;][et_pb_text _builder_version=&#8221;4.22.2&#8243; _module_preset=&#8221;default&#8221; text_font=&#8221;Roboto Dnn 100|100|||||||&#8221; text_text_color=&#8221;#191918&#8243; text_font_size=&#8221;20px&#8221; text_line_height=&#8221;1.8em&#8221; global_colors_info=&#8221;{}&#8221;]<\/p>\n<p>Markierungsn\u00e4gel sind eine einfache M\u00f6glichkeit Stra\u00dfen, Verkehrswege und Parkpl\u00e4tze zu markieren. Sie finden bei uns, der Ultra Reflex GmbH, Markierungsn\u00e4gel in zahlreichen Ausf\u00fchrungen und M\u00f6glichkeiten. Es stehen unterschiedliche Gr\u00f6\u00dfen, reflektierende und nicht reflektierende Markierungsn\u00e4gel f\u00fcr Sie bereit. Die Markierungsn\u00e4gel k\u00f6nnen geklebt, geschraubt oder mit N\u00e4geln befestigt werden. Markierungsn\u00e4gel mit Dolle werden in einer Bohrung im Untergrund befestigt. Es werden Markierungsn\u00e4gel aus Kunststoff und Aluminium angeboten.<\/p>\n<p>[\/et_pb_text][\/et_pb_column_inner][\/et_pb_row_inner][\/et_pb_column][\/et_pb_section][et_pb_section fb_built=&#8221;1&#8243; _builder_version=&#8221;4.18.1&#8243; _module_preset=&#8221;default&#8221; background_color=&#8221;#FFFFFF&#8221; custom_padding=&#8221;0px||0px|||&#8221; global_colors_info=&#8221;{}&#8221;][et_pb_row column_structure=&#8221;1_2,1_2&#8243; use_custom_gutter=&#8221;on&#8221; gutter_width=&#8221;2&#8243; make_equal=&#8221;on&#8221; _builder_version=&#8221;4.16&#8243; _module_preset=&#8221;default&#8221; width=&#8221;90%&#8221; width_tablet=&#8221;90%&#8221; width_phone=&#8221;90%&#8221; width_last_edited=&#8221;on|tablet&#8221; max_width=&#8221;1280px&#8221; max_width_tablet=&#8221;90%&#8221; max_width_phone=&#8221;90%&#8221; max_width_last_edited=&#8221;on|desktop&#8221; custom_padding=&#8221;||60px|||&#8221; border_width_top=&#8221;1px&#8221; border_color_top=&#8221;#191918&#8243; global_colors_info=&#8221;{}&#8221;][et_pb_column type=&#8221;1_2&#8243; _builder_version=&#8221;4.16&#8243; _module_preset=&#8221;default&#8221; global_colors_info=&#8221;{}&#8221;][et_pb_text _builder_version=&#8221;4.22.2&#8243; _module_preset=&#8221;default&#8221; text_font=&#8221;Roboto Fett 700|700|||||||&#8221; text_text_color=&#8221;#191918&#8243; text_font_size=&#8221;30px&#8221; text_line_height=&#8221;1em&#8221; global_colors_info=&#8221;{}&#8221;]<\/p>\n<p>MARKIERUNGSN\u00c4GEL<\/p>\n<p>[\/et_pb_text][\/et_pb_column][et_pb_column type=&#8221;1_2&#8243; _builder_version=&#8221;4.16&#8243; _module_preset=&#8221;default&#8221; global_colors_info=&#8221;{}&#8221;][\/et_pb_column][\/et_pb_row][et_pb_row use_custom_gutter=&#8221;on&#8221; gutter_width=&#8221;2&#8243; make_equal=&#8221;on&#8221; _builder_version=&#8221;4.18.1&#8243; _module_preset=&#8221;default&#8221; width=&#8221;90%&#8221; width_tablet=&#8221;90%&#8221; width_phone=&#8221;90%&#8221; width_last_edited=&#8221;on|tablet&#8221; max_width=&#8221;1280px&#8221; max_width_tablet=&#8221;90%&#8221; max_width_phone=&#8221;90%&#8221; max_width_last_edited=&#8221;on|desktop&#8221; custom_padding=&#8221;0px||70px||false|false&#8221; border_color_bottom=&#8221;#b7b7b7&#8243; global_colors_info=&#8221;{}&#8221;][et_pb_column type=&#8221;4_4&#8243; _builder_version=&#8221;4.16&#8243; _module_preset=&#8221;default&#8221; animation_style=&#8221;fade&#8221; animation_delay=&#8221;500ms&#8221; global_colors_info=&#8221;{}&#8221;][et_pb_blurb image=&#8221;https:\/\/www.ultra-reflex.de\/wp-content\/uploads\/2023\/05\/25_Strasse-Leitwand_600px.jpg&#8221; alt=&#8221;Markierungsn\u00e4gel&#8221; icon_alignment=&#8221;left&#8221; content_max_width=&#8221;100%&#8221; _builder_version=&#8221;4.22.2&#8243; _module_preset=&#8221;default&#8221; header_font=&#8221;|300|||||||&#8221; header_text_align=&#8221;left&#8221; header_text_color=&#8221;#191918&#8243; header_font_size=&#8221;18px&#8221; header_line_height=&#8221;1.5em&#8221; animation=&#8221;off&#8221; hover_enabled=&#8221;0&#8243; header_text_align_tablet=&#8221;center&#8221; header_text_align_phone=&#8221;center&#8221; header_text_align_last_edited=&#8221;on|phone&#8221; global_colors_info=&#8221;{}&#8221; link_option_url=&#8221;https:\/\/www.ultra-reflex.de\/en\/product-catalogue\/?wcsf-results=113204&amp;wcsf-value%5B113228%5D%5B1%5D=1373&amp;wcsf-value%5B113202%5D%5B0%5D=511&#8243; link_option_url_new_window=&#8221;on&#8221; sticky_enabled=&#8221;0&#8243;][\/et_pb_blurb][\/et_pb_column][\/et_pb_row][\/et_pb_section]<\/p>\n","protected":false},"excerpt":{"rendered":"<p>MARKIERUNGS-N\u00c4GEL -MarkierteSTRA\u00dfen &nbsp;Markieren Sie Stra\u00dfen, Verkehrswege und Parkpl\u00e4tzeMarkierungsn\u00e4gel sind eine einfache M\u00f6glichkeit Stra\u00dfen, Verkehrswege und Parkpl\u00e4tze zu markieren. Sie finden bei uns, der Ultra Reflex GmbH, Markierungsn\u00e4gel in zahlreichen Ausf\u00fchrungen und M\u00f6glichkeiten. Es stehen unterschiedliche Gr\u00f6\u00dfen, reflektierende und nicht reflektierende Markierungsn\u00e4gel f\u00fcr Sie bereit. Die Markierungsn\u00e4gel k\u00f6nnen geklebt, geschraubt oder mit N\u00e4geln befestigt werden. Markierungsn\u00e4gel [&hellip;]<\/p>\n","protected":false},"author":1,"featured_media":0,"parent":118404,"menu_order":2,"comment_status":"closed","ping_status":"closed","template":"","meta":{"_et_pb_use_builder":"on","_et_pb_old_content":"","_et_gb_content_width":"","footnotes":""},"class_list":["post-118419","page","type-page","status-publish","hentry"],"_links":{"self":[{"href":"https:\/\/www.ultra-reflex.de\/en\/wp-json\/wp\/v2\/pages\/118419","targetHints":{"allow":["GET"]}}],"collection":[{"href":"https:\/\/www.ultra-reflex.de\/en\/wp-json\/wp\/v2\/pages"}],"about":[{"href":"https:\/\/www.ultra-reflex.de\/en\/wp-json\/wp\/v2\/types\/page"}],"author":[{"embeddable":true,"href":"https:\/\/www.ultra-reflex.de\/en\/wp-json\/wp\/v2\/users\/1"}],"replies":[{"embeddable":true,"href":"https:\/\/www.ultra-reflex.de\/en\/wp-json\/wp\/v2\/comments?post=118419"}],"version-history":[{"count":9,"href":"https:\/\/www.ultra-reflex.de\/en\/wp-json\/wp\/v2\/pages\/118419\/revisions"}],"predecessor-version":[{"id":120039,"href":"https:\/\/www.ultra-reflex.de\/en\/wp-json\/wp\/v2\/pages\/118419\/revisions\/120039"}],"up":[{"embeddable":true,"href":"https:\/\/www.ultra-reflex.de\/en\/wp-json\/wp\/v2\/pages\/118404"}],"wp:attachment":[{"href":"https:\/\/www.ultra-reflex.de\/en\/wp-json\/wp\/v2\/media?parent=118419"}],"curies":[{"name":"wp","href":"https:\/\/api.w.org\/{rel}","templated":true}]}}